{"id":1103,"date":"2022-11-17T10:39:17","date_gmt":"2022-11-17T09:39:17","guid":{"rendered":"https:\/\/tra-kol.pl\/produkt\/non-sparking-skid\/"},"modified":"2025-10-22T01:46:31","modified_gmt":"2025-10-21T23:46:31","slug":"non-sparking-skid","status":"publish","type":"product","link":"https:\/\/tra-kol.pl\/en\/produkt\/non-sparking-skid\/","title":{"rendered":"ABS non-sparking universal brake shoe PL1, PL2, PL3"},"content":{"rendered":"<p dir=\"auto\"><strong>Key Points:<\/strong><\/p>\n<ul dir=\"auto\">\n<li>Rubber wedges are produced via vulcanization at 150 \u00b0C using the flame-retardant ONB-1\/09 rubber mixture, with post-production visual inspections to ensure quality.<\/li>\n<li>They are primarily used in railway transport to secure stationary wagons, especially those carrying hazardous materials, in fire- or explosion-prone areas, but not for stopping moving wagons.<\/li>\n<li>Technical requirements include specific standards for hardness, strength, flame retardancy, and other properties to guarantee safety and performance.<\/li>\n<\/ul>\n<p dir=\"auto\"><strong>Manufacturing Process<\/strong> The wedges are manufactured using the vulcanization method at a temperature of 150 \u00b0C. The flame-retardant rubber mixture ONB-1\/09 is used for the production of the wedges. After manufacturing, each wedge is subjected to inspection through visual examination, aimed at detecting any imperfections and vulcanization defects. Rubber flashes are removed, and the edges are rounded.<\/p>\n<p dir=\"auto\"><strong>Application<\/strong> Rubber wedges are used in railway transport to immobilize stationary wagons in locations where there is a risk of fire or explosion. The wedges have particular application in immobilizing railway tank wagons used for the transport of hazardous materials. The wedges cannot be used to stop wagons that are in motion.<\/p>\n<p dir=\"auto\"><strong>Required Technical Parameters:<\/strong><\/p>\n<div>\n<div dir=\"auto\">\n<table dir=\"auto\">\n<thead>\n<tr>\n<th data-col-size=\"sm\">Lp<\/th>\n<th data-col-size=\"xl\">Parameter<\/th>\n<th data-col-size=\"lg\">Norma<\/th>\n<th data-col-size=\"md\">Wymagania<\/th>\n<\/tr>\n<\/thead>\n<tbody>\n<tr>\n<td data-col-size=\"sm\">1<\/td>\n<td data-col-size=\"xl\">Twardo\u015b\u0107 [\u00b0ShA]<\/td>\n<td data-col-size=\"lg\">PN-EN ISO 868:2005<\/td>\n<td data-col-size=\"md\">70 \u00b15<\/td>\n<\/tr>\n<tr>\n<td data-col-size=\"sm\">2<\/td>\n<td data-col-size=\"xl\">Wytrzyma\u0142o\u015b\u0107 na zarwanie [MP\u0430]<\/td>\n<td data-col-size=\"lg\">PN-ISO 37: 2007<\/td>\n<td data-col-size=\"md\">\u2265 15,0<\/td>\n<\/tr>\n<tr>\n<td data-col-size=\"sm\">3<\/td>\n<td data-col-size=\"xl\">Wyd\u0142u\u017cenie przy zerwaniu [%]<\/td>\n<td data-col-size=\"lg\">PN-ISO 37: 2007<\/td>\n<td data-col-size=\"md\">\u2265350<\/td>\n<\/tr>\n<tr>\n<td data-col-size=\"sm\">4<\/td>\n<td data-col-size=\"xl\">Trudnopalno\u015b\u0107:<\/td>\n<td data-col-size=\"lg\">PN-C-05013:1993<\/td>\n<td data-col-size=\"md\"><\/td>\n<\/tr>\n<tr>\n<td data-col-size=\"sm\"><\/td>\n<td data-col-size=\"xl\">\u2013 \u015bredni czas palenia si\u0119 i \u017carzenia 6 -ciu pr\u00f3bek [s]<\/td>\n<td data-col-size=\"lg\"><\/td>\n<td data-col-size=\"md\">\u22645,0<\/td>\n<\/tr>\n<tr>\n<td data-col-size=\"sm\"><\/td>\n<td data-col-size=\"xl\">\u2013 \u015bredni czas palenia si\u0119 i \u017carzenia jednej pr\u00f3bki [s]<\/td>\n<td data-col-size=\"lg\"><\/td>\n<td data-col-size=\"md\">\u226415,0<\/td>\n<\/tr>\n<tr>\n<td data-col-size=\"sm\">5<\/td>\n<td data-col-size=\"xl\">Czas podwulkanizacji [min]<\/td>\n<td data-col-size=\"lg\">PN-ISO 6502:2007<\/td>\n<td data-col-size=\"md\">\u22645,0<\/td>\n<\/tr>\n<tr>\n<td data-col-size=\"sm\">6<\/td>\n<td data-col-size=\"xl\">Odporno\u015b\u0107 na \u015bcieranie [cm\u00b3]<\/td>\n<td data-col-size=\"lg\">PN-ISO 4649:2007<\/td>\n<td data-col-size=\"md\">&lt;0,200<\/td>\n<\/tr>\n<tr>\n<td data-col-size=\"sm\">7<\/td>\n<td data-col-size=\"xl\">Rezystancja powierzchniowa [\u03a9]<\/td>\n<td data-col-size=\"lg\">PN-EN-61340-2-3:2002<\/td>\n<td data-col-size=\"md\">\u22643\u00d710^9<\/td>\n<\/tr>\n<\/tbody>\n<\/table>\n<\/div>\n<\/div>\n","protected":false},"excerpt":{"rendered":"<p>Key Points: Rubber wedges are produced via vulcanization at 150 \u00b0C using the flame-retardant ONB-1\/09 rubber mixture, with post-production visual inspections to ensure quality. They are primarily used in railway transport to secure stationary wagons, especially those carrying hazardous materials, in fire- or explosion-prone areas, but not for stopping moving wagons. Technical requirements include specific [&hellip;]<\/p>\n","protected":false},"featured_media":1967,"comment_status":"open","ping_status":"closed","template":"","meta":[],"product_brand":[],"product_cat":[75],"product_tag":[],"class_list":{"0":"post-1103","1":"product","2":"type-product","3":"status-publish","4":"has-post-thumbnail","6":"product_cat-brake-shoes","7":"has-post-title","8":"has-post-date","9":"has-post-category","10":"has-post-tag","11":"has-post-comment","12":"has-post-author","13":"","15":"first","16":"instock","17":"taxable","18":"shipping-taxable","19":"purchasable","20":"product-type-simple"},"builder_content":"","_links":{"self":[{"href":"https:\/\/tra-kol.pl\/en\/wp-json\/wp\/v2\/product\/1103","targetHints":{"allow":["GET"]}}],"collection":[{"href":"https:\/\/tra-kol.pl\/en\/wp-json\/wp\/v2\/product"}],"about":[{"href":"https:\/\/tra-kol.pl\/en\/wp-json\/wp\/v2\/types\/product"}],"replies":[{"embeddable":true,"href":"https:\/\/tra-kol.pl\/en\/wp-json\/wp\/v2\/comments?post=1103"}],"wp:featuredmedia":[{"embeddable":true,"href":"https:\/\/tra-kol.pl\/en\/wp-json\/wp\/v2\/media\/1967"}],"wp:attachment":[{"href":"https:\/\/tra-kol.pl\/en\/wp-json\/wp\/v2\/media?parent=1103"}],"wp:term":[{"taxonomy":"product_brand","embeddable":true,"href":"https:\/\/tra-kol.pl\/en\/wp-json\/wp\/v2\/product_brand?post=1103"},{"taxonomy":"product_cat","embeddable":true,"href":"https:\/\/tra-kol.pl\/en\/wp-json\/wp\/v2\/product_cat?post=1103"},{"taxonomy":"product_tag","embeddable":true,"href":"https:\/\/tra-kol.pl\/en\/wp-json\/wp\/v2\/product_tag?post=1103"}],"curies":[{"name":"wp","href":"https:\/\/api.w.org\/{rel}","templated":true}]}}